{"id":2792,"date":"2011-08-28T16:39:14","date_gmt":"2011-08-28T14:39:14","guid":{"rendered":"http:\/\/www.jesusfb.com\/?page_id=2792"},"modified":"2019-05-26T17:24:19","modified_gmt":"2019-05-26T15:24:19","slug":"acerca-de-jesus-fdez-briceno","status":"publish","type":"page","link":"https:\/\/jesusfb.com\/index.php\/acerca-de-jesus-fdez-briceno\/","title":{"rendered":"Acerca de Jes\u00fas Fdez. Brice\u00f1o"},"content":{"rendered":"<p style=\"text-align: justify;\"><strong> Jes\u00fas Fern\u00e1ndez Brice\u00f1o<\/strong> es Periodista, Licenciado en Ciencias de la Informaci\u00f3n en la primera promoci\u00f3n de esta facultad en la Universidad Complutense de Madrid. Tambi\u00e9n es Licenciado en Ciencias Pol\u00edticas y Sociolog\u00eda en la especialidad de Estudios Internacionales y Titulado en Publicidad. Ha realizado varios cursos, entre ellos el de la Escuela de Econom\u00eda (Colegio de Economistas de Madrid y Universidades Complutense, Aut\u00f3noma y Alcal\u00e1) en Informaci\u00f3n Econ\u00f3mica; el de Comunidades Europeas (Escuela Diplom\u00e1tica); el de Seguridad y Defensa (CESEDEN); Derecho (Real Academia de Jurisprudencia y Legislaci\u00f3n), y otros monogr\u00e1ficos en el IESE y el Instituto de Empresa.<\/p>\n<p style=\"text-align: justify;\">Ha trabajado en diversos medios de comunicaci\u00f3n como<strong> Informaciones<\/strong>, <strong>YA<\/strong>, <strong>El Empresario<\/strong>, <strong>RTVE<\/strong>, <strong>COPE<\/strong> y <strong>Epoca<\/strong>. Ha sido Director de Comunicaci\u00f3n Corporativa y Director de Planificaci\u00f3n de <strong>Telef\u00f3nica, S.A<\/strong>. Actualmente es Editor de <strong>Logopress Comunicaci\u00f3n<\/strong> (www.logopress.es, y www.revistadearte.com). Tambi\u00e9n ha sido Columnista y analista de Econom\u00eda de los diarios de Madrid, \u00ab<strong>La Raz\u00f3n<\/strong>\u00bb y \u00ab<strong>La Gaceta\u00bb,\u00a0<\/strong>tertuliano del programa de <strong>Intereconom\u00eda TV<\/strong> \u00abOtro gallo cantar\u00eda&#8230;\u00bb, as\u00ed como en los programa de <strong>13TV<\/strong> \u00abDe hoy a ma\u00f1ana\u00bb y \u00abAl d\u00eda\u00bb. Ha presentado la informaci\u00f3n <strong>pol\u00edtica y econ\u00f3mica<\/strong> en el programa \u00ab<strong>La Atalaya<\/strong>\u00ab, y ha sido colaborador de\u00a0<strong>\u00abLa Ma\u00f1ana en Madrid<\/strong>\u00bb de la cadena COPE.<\/p>\n<p style=\"text-align: justify;\">Jes\u00fas F. Brice\u00f1o es miembro de la Comisi\u00f3n de Desarrollo Digital de la Federaci\u00f3n de Asociaciones de la Prensa de Espa\u00f1a (FAPE) y de la Asociaci\u00f3n de la Prensa de Madrid (APM), patrono de la Universidad de Alcal\u00e1, y pertenece a la Asociaci\u00f3n de Periodistas en Informaci\u00f3n Econ\u00f3mica (APIE), a la Asociaci\u00f3n de Periodistas Europeos (APE), el Club Internacional de Prensa y al Colegio de Ciencias Pol\u00edticas.<\/p>\n<p>Contacta con Jes\u00fas Fern\u00e1ndez Brice\u00f1o escribiendo a\u00a0<a href=\"mailto:jfb@logopress.es\">jfb@logopress.es<\/a> o a trav\u00e9s de este formulario.<\/p>\n<p>[contact-form to=\u00bbjfb@logopress.es\u00bb subject=\u00bbSolicitud de contacto &#8211; JesusFB.com\u00bb][contact-field label=\u00bbNombre\u00bb type=\u00bbname\u00bb required=\u00bb1&#8243;][contact-field label=\u00bbCorreo electr\u00f3nico\u00bb type=\u00bbemail\u00bb required=\u00bb1&#8243;][contact-field label=\u00bbWeb\u00bb type=\u00bburl\u00bb][contact-field label=\u00bbMensaje\u00bb type=\u00bbtextarea\u00bb required=\u00bb1&#8243;][contact-field label=\u00bbHe le\u00eddo y acepto la pol\u00edtica de privacidad https:\/\/wp.me\/Ph7JD-tJ\u00bb type=\u00bbcheckbox\u00bb required=\u00bb1&#8243;][\/contact-form]<\/p>\n","protected":false},"excerpt":{"rendered":"<p>Jes\u00fas Fern\u00e1ndez Brice\u00f1o es Periodista, Licenciado en Ciencias de la Informaci\u00f3n en la primera promoci\u00f3n de esta facultad en la Universidad Complutense de Madrid. Tambi\u00e9n es Licenciado en Ciencias Pol\u00edticas y Sociolog\u00eda en la especialidad de Estudios Internacionales y Titulado &hellip;<\/p>\n<p class=\"read-more\"><a href=\"https:\/\/jesusfb.com\/index.php\/acerca-de-jesus-fdez-briceno\/\">Leer m\u00e1s &raquo;<\/a><\/p>\n","protected":false},"author":2,"featured_media":0,"parent":0,"menu_order":3,"comment_status":"closed","ping_status":"closed","template":"","meta":{"footnotes":""},"class_list":["post-2792","page","type-page","status-publish","hentry"],"aioseo_notices":[],"_hostinger_reach_plugin_has_subscription_block":false,"_hostinger_reach_plugin_is_elementor":false,"_links":{"self":[{"href":"https:\/\/jesusfb.com\/index.php\/wp-json\/wp\/v2\/pages\/2792","targetHints":{"allow":["GET"]}}],"collection":[{"href":"https:\/\/jesusfb.com\/index.php\/wp-json\/wp\/v2\/pages"}],"about":[{"href":"https:\/\/jesusfb.com\/index.php\/wp-json\/wp\/v2\/types\/page"}],"author":[{"embeddable":true,"href":"https:\/\/jesusfb.com\/index.php\/wp-json\/wp\/v2\/users\/2"}],"replies":[{"embeddable":true,"href":"https:\/\/jesusfb.com\/index.php\/wp-json\/wp\/v2\/comments?post=2792"}],"version-history":[{"count":12,"href":"https:\/\/jesusfb.com\/index.php\/wp-json\/wp\/v2\/pages\/2792\/revisions"}],"predecessor-version":[{"id":3278,"href":"https:\/\/jesusfb.com\/index.php\/wp-json\/wp\/v2\/pages\/2792\/revisions\/3278"}],"wp:attachment":[{"href":"https:\/\/jesusfb.com\/index.php\/wp-json\/wp\/v2\/media?parent=2792"}],"curies":[{"name":"wp","href":"https:\/\/api.w.org\/{rel}","templated":true}]}}